{"id":4,"date":"2019-01-21T16:33:43","date_gmt":"2019-01-21T16:33:43","guid":{"rendered":"http:\/\/31.217.196.214\/~pkzeyudp\/?page_id=4"},"modified":"2024-04-08T19:45:29","modified_gmt":"2024-04-08T19:45:29","slug":"etusivu","status":"publish","type":"page","link":"https:\/\/www.puimurigames.fi\/","title":{"rendered":"Etusivu"},"content":{"rendered":"\t\t<div data-elementor-type=\"wp-page\" data-elementor-id=\"4\" class=\"elementor elementor-4\" data-elementor-post-type=\"page\">\n\t\t\t\t\t\t<section class=\"elementor-section elementor-top-section elementor-element elementor-element-011ea7a elementor-section-height-min-height elementor-section-boxed elementor-section-height-default elementor-section-items-middle\" data-id=\"011ea7a\" data-element_type=\"section\" id=\"div1\" data-settings=\"{&quot;background_background&quot;:&quot;gradient&quot;,&quot;shape_divider_bottom&quot;:&quot;mountains&quot;,&quot;animation&quot;:&quot;none&quot;}\">\n\t\t\t\t\t<div class=\"elementor-shape elementor-shape-bottom\" data-negative=\"false\">\n\t\t\t<svg xmlns=\"http:\/\/www.w3.org\/2000\/svg\" viewBox=\"0 0 1000 100\" preserveAspectRatio=\"none\">\n\t<path class=\"elementor-shape-fill\" opacity=\"0.33\" d=\"M473,67.3c-203.9,88.3-263.1-34-320.3,0C66,119.1,0,59.7,0,59.7V0h1000v59.7 c0,0-62.1,26.1-94.9,29.3c-32.8,3.3-62.8-12.3-75.8-22.1C806,49.6,745.3,8.7,694.9,4.7S492.4,59,473,67.3z\"\/>\n\t<path class=\"elementor-shape-fill\" opacity=\"0.66\" d=\"M734,67.3c-45.5,0-77.2-23.2-129.1-39.1c-28.6-8.7-150.3-10.1-254,39.1 s-91.7-34.4-149.2,0C115.7,118.3,0,39.8,0,39.8V0h1000v36.5c0,0-28.2-18.5-92.1-18.5C810.2,18.1,775.7,67.3,734,67.3z\"\/>\n\t<path class=\"elementor-shape-fill\" d=\"M766.1,28.9c-200-57.5-266,65.5-395.1,19.5C242,1.8,242,5.4,184.8,20.6C128,35.8,132.3,44.9,89.9,52.5C28.6,63.7,0,0,0,0 h1000c0,0-9.9,40.9-83.6,48.1S829.6,47,766.1,28.9z\"\/>\n<\/svg>\t\t<\/div>\n\t\t\t\t\t<div class=\"elementor-container elementor-column-gap-default\">\n\t\t\t\t\t<div class=\"elementor-column elementor-col-100 elementor-top-column elementor-element elementor-element-b434dc7 elementor-invisible\" data-id=\"b434dc7\" data-element_type=\"column\" id=\"div1col\" data-settings=\"{&quot;animation&quot;:&quot;fadeIn&quot;}\">\n\t\t\t<div class=\"elementor-widget-wrap elementor-element-populated\">\n\t\t\t\t\t\t<div class=\"elementor-element elementor-element-9b9b776 elementor-widget elementor-widget-heading\" data-id=\"9b9b776\" data-element_type=\"widget\" data-widget_type=\"heading.default\">\n\t\t\t\t<div class=\"elementor-widget-container\">\n\t\t\t<h1 class=\"elementor-heading-title elementor-size-default\">Puimuri Games<\/h1>\t\t<\/div>\n\t\t\t\t<\/div>\n\t\t\t\t<div class=\"elementor-element elementor-element-e6fc744 elementor-widget elementor-widget-text-editor\" data-id=\"e6fc744\" data-element_type=\"widget\" data-widget_type=\"text-editor.default\">\n\t\t\t\t<div class=\"elementor-widget-container\">\n\t\t\t\t\t\t\t<p>3D-Tulostus<br \/>VR-Vuokraus<\/p>\t\t\t\t\t\t<\/div>\n\t\t\t\t<\/div>\n\t\t\t\t\t<\/div>\n\t\t<\/div>\n\t\t\t\t\t<\/div>\n\t\t<\/section>\n\t\t\t\t<section class=\"elementor-section elementor-top-section elementor-element elementor-element-2e7f518 elementor-reverse-mobile elementor-section-boxed elementor-section-height-default elementor-section-height-default\" data-id=\"2e7f518\" data-element_type=\"section\" id=\"3d-tulostus\" data-settings=\"{&quot;background_background&quot;:&quot;classic&quot;}\">\n\t\t\t\t\t\t<div class=\"elementor-container elementor-column-gap-default\">\n\t\t\t\t\t<div class=\"elementor-column elementor-col-50 elementor-top-column elementor-element elementor-element-256d398 elementor-invisible\" data-id=\"256d398\" data-element_type=\"column\" data-settings=\"{&quot;animation&quot;:&quot;fadeIn&quot;}\">\n\t\t\t<div class=\"elementor-widget-wrap elementor-element-populated\">\n\t\t\t\t\t\t<div class=\"elementor-element elementor-element-5cdfad1 elementor-hidden-phone elementor-widget elementor-widget-image\" data-id=\"5cdfad1\" data-element_type=\"widget\" data-widget_type=\"image.default\">\n\t\t\t\t<div class=\"elementor-widget-container\">\n\t\t\t\t\t\t\t\t\t\t\t\t\t<img fetchpriority=\"high\" decoding=\"async\" width=\"1600\" height=\"900\" src=\"https:\/\/www.puimurigames.fi\/wp-content\/uploads\/2024\/04\/veuns4p.jpg\" class=\"attachment-full size-full wp-image-1343\" alt=\"\" srcset=\"https:\/\/www.puimurigames.fi\/wp-content\/uploads\/2024\/04\/veuns4p.jpg 1600w, https:\/\/www.puimurigames.fi\/wp-content\/uploads\/2024\/04\/veuns4p-300x169.jpg 300w, https:\/\/www.puimurigames.fi\/wp-content\/uploads\/2024\/04\/veuns4p-1024x576.jpg 1024w, https:\/\/www.puimurigames.fi\/wp-content\/uploads\/2024\/04\/veuns4p-768x432.jpg 768w, https:\/\/www.puimurigames.fi\/wp-content\/uploads\/2024\/04\/veuns4p-1536x864.jpg 1536w\" sizes=\"(max-width: 1600px) 100vw, 1600px\" \/>\t\t\t\t\t\t\t\t\t\t\t\t\t<\/div>\n\t\t\t\t<\/div>\n\t\t\t\t\t<\/div>\n\t\t<\/div>\n\t\t\t\t<div class=\"elementor-column elementor-col-50 elementor-top-column elementor-element elementor-element-f6a14aa elementor-invisible\" data-id=\"f6a14aa\" data-element_type=\"column\" data-settings=\"{&quot;animation&quot;:&quot;fadeIn&quot;}\">\n\t\t\t<div class=\"elementor-widget-wrap elementor-element-populated\">\n\t\t\t\t\t\t<div class=\"elementor-element elementor-element-1e74873 elementor-widget elementor-widget-heading\" data-id=\"1e74873\" data-element_type=\"widget\" data-widget_type=\"heading.default\">\n\t\t\t\t<div class=\"elementor-widget-container\">\n\t\t\t<h2 class=\"elementor-heading-title elementor-size-default\">3d-tulostus<\/h2>\t\t<\/div>\n\t\t\t\t<\/div>\n\t\t\t\t<div class=\"elementor-element elementor-element-8e00ba4 elementor-widget elementor-widget-text-editor\" data-id=\"8e00ba4\" data-element_type=\"widget\" data-widget_type=\"text-editor.default\">\n\t\t\t\t<div class=\"elementor-widget-container\">\n\t\t\t\t\t\t\t<p>Prototyypit, viallisten osien korvaaminen jne.<\/p><p>Tulostusalue n. 25 x 21 x 21 cm.<\/p><p>Materiaalit p\u00e4\u00e4osin PLA ja PETG. Tarvittaessa my\u00f6s muita materiaaleja.<\/p><p>Asiakas toimittaa joko valmiin 3D-mallin tiedostona \/ mitoitetun piirustuksen \/ fyysisen mallin, joka mitataan mallinnusta ja tulostusta varten.<\/p>\t\t\t\t\t\t<\/div>\n\t\t\t\t<\/div>\n\t\t\t\t<div class=\"elementor-element elementor-element-f37c0d6 elementor-align-center elementor-widget__width-initial elementor-widget elementor-widget-button\" data-id=\"f37c0d6\" data-element_type=\"widget\" data-widget_type=\"button.default\">\n\t\t\t\t<div class=\"elementor-widget-container\">\n\t\t\t\t\t<div class=\"elementor-button-wrapper\">\n\t\t\t<a class=\"elementor-button elementor-button-link elementor-size-md\" href=\"#elementor-action%3Aaction%3Dpopup%3Aopen%26settings%3DeyJpZCI6IjI2NSIsInRvZ2dsZSI6dHJ1ZX0%3D\" rel=\"nofollow\">\n\t\t\t\t\t\t<span class=\"elementor-button-content-wrapper\">\n\t\t\t\t\t\t<span class=\"elementor-button-text\">Tilaa tuloste<\/span>\n\t\t<\/span>\n\t\t\t\t\t<\/a>\n\t\t<\/div>\n\t\t\t\t<\/div>\n\t\t\t\t<\/div>\n\t\t\t\t\t<\/div>\n\t\t<\/div>\n\t\t\t\t\t<\/div>\n\t\t<\/section>\n\t\t\t\t<section class=\"elementor-section elementor-top-section elementor-element elementor-element-65c83a9 elementor-section-height-min-height elementor-section-items-top elementor-section-boxed elementor-section-height-default\" data-id=\"65c83a9\" data-element_type=\"section\" id=\"vr-vuokraus\" data-settings=\"{&quot;background_background&quot;:&quot;gradient&quot;}\">\n\t\t\t\t\t\t<div class=\"elementor-container elementor-column-gap-default\">\n\t\t\t\t\t<div class=\"elementor-column elementor-col-100 elementor-top-column elementor-element elementor-element-015ccb2 elementor-invisible\" data-id=\"015ccb2\" data-element_type=\"column\" data-settings=\"{&quot;animation&quot;:&quot;fadeIn&quot;}\">\n\t\t\t<div class=\"elementor-widget-wrap elementor-element-populated\">\n\t\t\t\t\t\t<div class=\"elementor-element elementor-element-aeddace elementor-widget elementor-widget-heading\" data-id=\"aeddace\" data-element_type=\"widget\" data-widget_type=\"heading.default\">\n\t\t\t\t<div class=\"elementor-widget-container\">\n\t\t\t<h2 class=\"elementor-heading-title elementor-size-default\">VR-Vuokraus<\/h2>\t\t<\/div>\n\t\t\t\t<\/div>\n\t\t\t\t<section class=\"elementor-section elementor-inner-section elementor-element elementor-element-53d7a15 elementor-section-content-top elementor-reverse-mobile elementor-section-boxed elementor-section-height-default elementor-section-height-default\" data-id=\"53d7a15\" data-element_type=\"section\">\n\t\t\t\t\t\t<div class=\"elementor-container elementor-column-gap-default\">\n\t\t\t\t\t<div class=\"elementor-column elementor-col-50 elementor-inner-column elementor-element elementor-element-e1bc377 elementor-invisible\" data-id=\"e1bc377\" data-element_type=\"column\" data-settings=\"{&quot;animation&quot;:&quot;fadeIn&quot;}\">\n\t\t\t<div class=\"elementor-widget-wrap elementor-element-populated\">\n\t\t\t\t\t\t<div class=\"elementor-element elementor-element-82c49d5 elementor-widget elementor-widget-text-editor\" data-id=\"82c49d5\" data-element_type=\"widget\" data-widget_type=\"text-editor.default\">\n\t\t\t\t<div class=\"elementor-widget-container\">\n\t\t\t\t\t\t\t<p><strong>Ai mik\u00e4?<\/strong><br>HTC Vive VR-laseilla p\u00e4\u00e4set kokemaan uusia el\u00e4myksi\u00e4, ja pelaamaan pelej\u00e4 uudella tavalla. Paketti sis\u00e4lt\u00e4\u00e4 VR-lasit, ohjaimet, tutkat, linkkiboksin sek\u00e4 kaapelit.<\/p>\n<p><strong>Kenelle?<br><\/strong>Perheelle, kavereille, devaajille, tai muuten vaan.<\/p>\n<p><strong>Vaatimukset koneelta?<\/strong><br>Intel i5-4590 \/ AMD FX 8350 tai tehokkaampi suoritin.<br>NVIDIA GeForce GTX 1060 \/ AMD Radeon RX 480 tai tehokkaampi n\u00e4yt\u00f6nohjain.<br>4 Gt RAM.<\/p>\n<p>Varmista ennen vuokrausta, ett\u00e4 tietokoneesi tukee laitteistoa.<\/p>\n<p>Pelej\u00e4 laitteelle l\u00f6ytyy Valven Steam-alustalta, sek\u00e4 HTC:n VIVEPORT-alustalta. Saat tarvittaessa my\u00f6s opastuksen laitteen k\u00e4ytt\u00f6\u00f6n.<\/p>\t\t\t\t\t\t<\/div>\n\t\t\t\t<\/div>\n\t\t\t\t\t<\/div>\n\t\t<\/div>\n\t\t\t\t<div class=\"elementor-column elementor-col-50 elementor-inner-column elementor-element elementor-element-e3c5f5c\" data-id=\"e3c5f5c\" data-element_type=\"column\">\n\t\t\t<div class=\"elementor-widget-wrap elementor-element-populated\">\n\t\t\t\t\t\t<div class=\"elementor-element elementor-element-967cffe elementor-widget elementor-widget-image\" data-id=\"967cffe\" data-element_type=\"widget\" data-widget_type=\"image.default\">\n\t\t\t\t<div class=\"elementor-widget-container\">\n\t\t\t\t\t\t\t\t\t\t\t\t\t<img decoding=\"async\" width=\"700\" height=\"376\" src=\"https:\/\/www.puimurigames.fi\/wp-content\/uploads\/2019\/09\/vive-2.png\" class=\"attachment-full size-full wp-image-925\" alt=\"HTC Vive VR headset\" srcset=\"https:\/\/www.puimurigames.fi\/wp-content\/uploads\/2019\/09\/vive-2.png 700w, https:\/\/www.puimurigames.fi\/wp-content\/uploads\/2019\/09\/vive-2-300x161.png 300w\" sizes=\"(max-width: 700px) 100vw, 700px\" \/>\t\t\t\t\t\t\t\t\t\t\t\t\t<\/div>\n\t\t\t\t<\/div>\n\t\t\t\t\t<\/div>\n\t\t<\/div>\n\t\t\t\t\t<\/div>\n\t\t<\/section>\n\t\t\t\t<div class=\"elementor-element elementor-element-9a68f50 elementor-align-center elementor-widget__width-initial elementor-widget elementor-widget-button\" data-id=\"9a68f50\" data-element_type=\"widget\" data-widget_type=\"button.default\">\n\t\t\t\t<div class=\"elementor-widget-container\">\n\t\t\t\t\t<div class=\"elementor-button-wrapper\">\n\t\t\t<a class=\"elementor-button elementor-button-link elementor-size-md\" href=\"#elementor-action%3Aaction%3Dpopup%3Aopen%26settings%3DeyJpZCI6IjI2NSIsInRvZ2dsZSI6dHJ1ZX0%3D\" rel=\"nofollow\">\n\t\t\t\t\t\t<span class=\"elementor-button-content-wrapper\">\n\t\t\t\t\t\t<span class=\"elementor-button-text\">Kysy vuokrauksesta<\/span>\n\t\t<\/span>\n\t\t\t\t\t<\/a>\n\t\t<\/div>\n\t\t\t\t<\/div>\n\t\t\t\t<\/div>\n\t\t\t\t\t<\/div>\n\t\t<\/div>\n\t\t\t\t\t<\/div>\n\t\t<\/section>\n\t\t\t\t<\/div>\n\t\t","protected":false},"excerpt":{"rendered":"<p>Puimuri Games 3D-TulostusVR-Vuokraus 3d-tulostus Prototyypit, viallisten osien korvaaminen jne. Tulostusalue n. 25 x 21 x 21 cm. Materiaalit p\u00e4\u00e4osin PLA ja PETG. Tarvittaessa my\u00f6s muita materiaaleja. Asiakas toimittaa joko valmiin 3D-mallin tiedostona \/ mitoitetun piirustuksen \/ fyysisen mallin, joka mitataan mallinnusta ja tulostusta varten. Tilaa tuloste VR-Vuokraus Ai mik\u00e4?HTC Vive VR-laseilla p\u00e4\u00e4set kokemaan uusia el\u00e4myksi\u00e4, [&hellip;]<\/p>\n","protected":false},"author":1,"featured_media":0,"parent":0,"menu_order":0,"comment_status":"closed","ping_status":"closed","template":"elementor_header_footer","meta":{"footnotes":""},"yoast_head":"<!-- This site is optimized with the Yoast SEO plugin v22.4 - https:\/\/yoast.com\/wordpress\/plugins\/seo\/ -->\n<title>Kotisivut, Avaimet k\u00e4teen -paketit, VR-laitevuokraus - Puimuri Games<\/title>\n<meta name=\"description\" content=\"2018 perustettu peli- &amp; sovelluskehitysyritys Virolahdella Kymenlaaksossa. Palveluina mm. kotisivut, avaimet k\u00e4teen-paketit, VR-laitevuokraus.\" \/>\n<meta name=\"robots\" content=\"index, follow, max-snippet:-1, max-image-preview:large, max-video-preview:-1\" \/>\n<link rel=\"canonical\" href=\"https:\/\/www.puimurigames.fi\/\" \/>\n<meta property=\"og:locale\" content=\"fi_FI\" \/>\n<meta property=\"og:type\" content=\"article\" \/>\n<meta property=\"og:title\" content=\"Kotisivut, Avaimet k\u00e4teen -paketit, VR-laitevuokraus - Puimuri Games\" \/>\n<meta property=\"og:description\" content=\"2018 perustettu peli- &amp; sovelluskehitysyritys Virolahdella Kymenlaaksossa. Palveluina mm. kotisivut, avaimet k\u00e4teen-paketit, VR-laitevuokraus.\" \/>\n<meta property=\"og:url\" content=\"https:\/\/www.puimurigames.fi\/\" \/>\n<meta property=\"og:site_name\" content=\"Puimuri Games\" \/>\n<meta property=\"article:modified_time\" content=\"2024-04-08T19:45:29+00:00\" \/>\n<meta property=\"og:image\" content=\"https:\/\/www.puimurigames.fi\/wp-content\/uploads\/2024\/04\/veuns4p.jpg\" \/>\n<meta name=\"twitter:card\" content=\"summary_large_image\" \/>\n<meta name=\"twitter:label1\" content=\"Arvioitu lukuaika\" \/>\n\t<meta name=\"twitter:data1\" content=\"2 minuuttia\" \/>\n<script type=\"application\/ld+json\" class=\"yoast-schema-graph\">{\"@context\":\"https:\/\/schema.org\",\"@graph\":[{\"@type\":\"WebPage\",\"@id\":\"https:\/\/www.puimurigames.fi\/\",\"url\":\"https:\/\/www.puimurigames.fi\/\",\"name\":\"Kotisivut, Avaimet k\u00e4teen -paketit, VR-laitevuokraus - Puimuri Games\",\"isPartOf\":{\"@id\":\"https:\/\/www.puimurigames.fi\/#website\"},\"primaryImageOfPage\":{\"@id\":\"https:\/\/www.puimurigames.fi\/#primaryimage\"},\"image\":{\"@id\":\"https:\/\/www.puimurigames.fi\/#primaryimage\"},\"thumbnailUrl\":\"https:\/\/www.puimurigames.fi\/wp-content\/uploads\/2024\/04\/veuns4p.jpg\",\"datePublished\":\"2019-01-21T16:33:43+00:00\",\"dateModified\":\"2024-04-08T19:45:29+00:00\",\"description\":\"2018 perustettu peli- & sovelluskehitysyritys Virolahdella Kymenlaaksossa. Palveluina mm. kotisivut, avaimet k\u00e4teen-paketit, VR-laitevuokraus.\",\"breadcrumb\":{\"@id\":\"https:\/\/www.puimurigames.fi\/#breadcrumb\"},\"inLanguage\":\"fi\",\"potentialAction\":[{\"@type\":\"ReadAction\",\"target\":[\"https:\/\/www.puimurigames.fi\/\"]}]},{\"@type\":\"ImageObject\",\"inLanguage\":\"fi\",\"@id\":\"https:\/\/www.puimurigames.fi\/#primaryimage\",\"url\":\"https:\/\/www.puimurigames.fi\/wp-content\/uploads\/2024\/04\/veuns4p.jpg\",\"contentUrl\":\"https:\/\/www.puimurigames.fi\/wp-content\/uploads\/2024\/04\/veuns4p.jpg\",\"width\":1600,\"height\":900},{\"@type\":\"BreadcrumbList\",\"@id\":\"https:\/\/www.puimurigames.fi\/#breadcrumb\",\"itemListElement\":[{\"@type\":\"ListItem\",\"position\":1,\"name\":\"Home\",\"item\":\"https:\/\/www.puimurigames.fi\/\"},{\"@type\":\"ListItem\",\"position\":2,\"name\":\"Etusivu\"}]},{\"@type\":\"WebSite\",\"@id\":\"https:\/\/www.puimurigames.fi\/#website\",\"url\":\"https:\/\/www.puimurigames.fi\/\",\"name\":\"Puimuri Games\",\"description\":\"Kotisivut, Yll&auml;pito-paketit, VR-vuokraus\",\"publisher\":{\"@id\":\"https:\/\/www.puimurigames.fi\/#organization\"},\"potentialAction\":[{\"@type\":\"SearchAction\",\"target\":{\"@type\":\"EntryPoint\",\"urlTemplate\":\"https:\/\/www.puimurigames.fi\/?s={search_term_string}\"},\"query-input\":\"required name=search_term_string\"}],\"inLanguage\":\"fi\"},{\"@type\":\"Organization\",\"@id\":\"https:\/\/www.puimurigames.fi\/#organization\",\"name\":\"Puimuri Games\",\"url\":\"https:\/\/www.puimurigames.fi\/\",\"logo\":{\"@type\":\"ImageObject\",\"inLanguage\":\"fi\",\"@id\":\"https:\/\/www.puimurigames.fi\/#\/schema\/logo\/image\/\",\"url\":\"\",\"contentUrl\":\"\",\"caption\":\"Puimuri Games\"},\"image\":{\"@id\":\"https:\/\/www.puimurigames.fi\/#\/schema\/logo\/image\/\"}}]}<\/script>\n<!-- \/ Yoast SEO plugin. -->","yoast_head_json":{"title":"Kotisivut, Avaimet k\u00e4teen -paketit, VR-laitevuokraus - Puimuri Games","description":"2018 perustettu peli- & sovelluskehitysyritys Virolahdella Kymenlaaksossa. Palveluina mm. kotisivut, avaimet k\u00e4teen-paketit, VR-laitevuokraus.","robots":{"index":"index","follow":"follow","max-snippet":"max-snippet:-1","max-image-preview":"max-image-preview:large","max-video-preview":"max-video-preview:-1"},"canonical":"https:\/\/www.puimurigames.fi\/","og_locale":"fi_FI","og_type":"article","og_title":"Kotisivut, Avaimet k\u00e4teen -paketit, VR-laitevuokraus - Puimuri Games","og_description":"2018 perustettu peli- & sovelluskehitysyritys Virolahdella Kymenlaaksossa. Palveluina mm. kotisivut, avaimet k\u00e4teen-paketit, VR-laitevuokraus.","og_url":"https:\/\/www.puimurigames.fi\/","og_site_name":"Puimuri Games","article_modified_time":"2024-04-08T19:45:29+00:00","og_image":[{"url":"https:\/\/www.puimurigames.fi\/wp-content\/uploads\/2024\/04\/veuns4p.jpg"}],"twitter_card":"summary_large_image","twitter_misc":{"Arvioitu lukuaika":"2 minuuttia"},"schema":{"@context":"https:\/\/schema.org","@graph":[{"@type":"WebPage","@id":"https:\/\/www.puimurigames.fi\/","url":"https:\/\/www.puimurigames.fi\/","name":"Kotisivut, Avaimet k\u00e4teen -paketit, VR-laitevuokraus - Puimuri Games","isPartOf":{"@id":"https:\/\/www.puimurigames.fi\/#website"},"primaryImageOfPage":{"@id":"https:\/\/www.puimurigames.fi\/#primaryimage"},"image":{"@id":"https:\/\/www.puimurigames.fi\/#primaryimage"},"thumbnailUrl":"https:\/\/www.puimurigames.fi\/wp-content\/uploads\/2024\/04\/veuns4p.jpg","datePublished":"2019-01-21T16:33:43+00:00","dateModified":"2024-04-08T19:45:29+00:00","description":"2018 perustettu peli- & sovelluskehitysyritys Virolahdella Kymenlaaksossa. Palveluina mm. kotisivut, avaimet k\u00e4teen-paketit, VR-laitevuokraus.","breadcrumb":{"@id":"https:\/\/www.puimurigames.fi\/#breadcrumb"},"inLanguage":"fi","potentialAction":[{"@type":"ReadAction","target":["https:\/\/www.puimurigames.fi\/"]}]},{"@type":"ImageObject","inLanguage":"fi","@id":"https:\/\/www.puimurigames.fi\/#primaryimage","url":"https:\/\/www.puimurigames.fi\/wp-content\/uploads\/2024\/04\/veuns4p.jpg","contentUrl":"https:\/\/www.puimurigames.fi\/wp-content\/uploads\/2024\/04\/veuns4p.jpg","width":1600,"height":900},{"@type":"BreadcrumbList","@id":"https:\/\/www.puimurigames.fi\/#breadcrumb","itemListElement":[{"@type":"ListItem","position":1,"name":"Home","item":"https:\/\/www.puimurigames.fi\/"},{"@type":"ListItem","position":2,"name":"Etusivu"}]},{"@type":"WebSite","@id":"https:\/\/www.puimurigames.fi\/#website","url":"https:\/\/www.puimurigames.fi\/","name":"Puimuri Games","description":"Kotisivut, Yll&auml;pito-paketit, VR-vuokraus","publisher":{"@id":"https:\/\/www.puimurigames.fi\/#organization"},"potentialAction":[{"@type":"SearchAction","target":{"@type":"EntryPoint","urlTemplate":"https:\/\/www.puimurigames.fi\/?s={search_term_string}"},"query-input":"required name=search_term_string"}],"inLanguage":"fi"},{"@type":"Organization","@id":"https:\/\/www.puimurigames.fi\/#organization","name":"Puimuri Games","url":"https:\/\/www.puimurigames.fi\/","logo":{"@type":"ImageObject","inLanguage":"fi","@id":"https:\/\/www.puimurigames.fi\/#\/schema\/logo\/image\/","url":"","contentUrl":"","caption":"Puimuri Games"},"image":{"@id":"https:\/\/www.puimurigames.fi\/#\/schema\/logo\/image\/"}}]}},"_links":{"self":[{"href":"https:\/\/www.puimurigames.fi\/index.php?rest_route=\/wp\/v2\/pages\/4"}],"collection":[{"href":"https:\/\/www.puimurigames.fi\/index.php?rest_route=\/wp\/v2\/pages"}],"about":[{"href":"https:\/\/www.puimurigames.fi\/index.php?rest_route=\/wp\/v2\/types\/page"}],"author":[{"embeddable":true,"href":"https:\/\/www.puimurigames.fi\/index.php?rest_route=\/wp\/v2\/users\/1"}],"replies":[{"embeddable":true,"href":"https:\/\/www.puimurigames.fi\/index.php?rest_route=%2Fwp%2Fv2%2Fcomments&post=4"}],"version-history":[{"count":159,"href":"https:\/\/www.puimurigames.fi\/index.php?rest_route=\/wp\/v2\/pages\/4\/revisions"}],"predecessor-version":[{"id":1346,"href":"https:\/\/www.puimurigames.fi\/index.php?rest_route=\/wp\/v2\/pages\/4\/revisions\/1346"}],"wp:attachment":[{"href":"https:\/\/www.puimurigames.fi\/index.php?rest_route=%2Fwp%2Fv2%2Fmedia&parent=4"}],"curies":[{"name":"wp","href":"https:\/\/api.w.org\/{rel}","templated":true}]}}